{"id":2176,"date":"2016-04-09T13:01:12","date_gmt":"2016-04-09T13:01:12","guid":{"rendered":"http:\/\/magazin.shalom-olim.com\/?page_id=2176"},"modified":"2023-10-26T21:49:32","modified_gmt":"2023-10-26T18:49:32","slug":"about","status":"publish","type":"page","link":"https:\/\/magazin.salomhaverim.com\/?page_id=2176","title":{"rendered":"IMPRESSZUM"},"content":{"rendered":"<p>Az OLIM Magazin, a shalom-olim.com honlaphoz kapcsolt, \u00f6n\u00e1ll\u00f3 online fel\u00fclettel.<\/p>\n<p>M\u0171k\u00f6dteti\u00a0a CHOMA csoport.<\/p>\n<p>\/&#8221;CHOMA&#8221; Mif&#8217;al Leoley Hungaria\/<\/p>\n<p>Szerkeszt\u00e9s \/ diz\u00e1jn: Cvi. BenGalil<\/p>\n<p>Email: group.choma@gmail.com<\/p>\n<p>Copyright \u00a92012 salomolim.com &#8211; All Rights Reserved<\/p>\n<p>m\u00e1sodk\u00f6zl\u00e9s el\u0151zetes egyeztet\u00e9s alapj\u00e1n, \u00e9s a teljes forr\u00e1s megjel\u00f6l\u00e9s eset\u00e9n megengedett.<\/p>\n","protected":false},"excerpt":{"rendered":"<p>Az OLIM Magazin, a shalom-olim.com honlaphoz kapcsolt, \u00f6n\u00e1ll\u00f3 online fel\u00fclettel. M\u0171k\u00f6dteti\u00a0a CHOMA csoport. \/&#8221;CHOMA&#8221; Mif&#8217;al Leoley Hungaria\/ Szerkeszt\u00e9s \/ diz\u00e1jn:&#8230;<\/p>\n","protected":false},"author":1,"featured_media":0,"parent":0,"menu_order":0,"comment_status":"closed","ping_status":"closed","template":"template-contact.php","meta":{"jetpack_post_was_ever_published":false,"footnotes":""},"jetpack_sharing_enabled":true,"jetpack_shortlink":"https:\/\/wp.me\/P7oEn5-z6","_links":{"self":[{"href":"https:\/\/magazin.salomhaverim.com\/index.php?rest_route=\/wp\/v2\/pages\/2176"}],"collection":[{"href":"https:\/\/magazin.salomhaverim.com\/index.php?rest_route=\/wp\/v2\/pages"}],"about":[{"href":"https:\/\/magazin.salomhaverim.com\/index.php?rest_route=\/wp\/v2\/types\/page"}],"author":[{"embeddable":true,"href":"https:\/\/magazin.salomhaverim.com\/index.php?rest_route=\/wp\/v2\/users\/1"}],"replies":[{"embeddable":true,"href":"https:\/\/magazin.salomhaverim.com\/index.php?rest_route=%2Fwp%2Fv2%2Fcomments&post=2176"}],"version-history":[{"count":13,"href":"https:\/\/magazin.salomhaverim.com\/index.php?rest_route=\/wp\/v2\/pages\/2176\/revisions"}],"predecessor-version":[{"id":2940,"href":"https:\/\/magazin.salomhaverim.com\/index.php?rest_route=\/wp\/v2\/pages\/2176\/revisions\/2940"}],"wp:attachment":[{"href":"https:\/\/magazin.salomhaverim.com\/index.php?rest_route=%2Fwp%2Fv2%2Fmedia&parent=2176"}],"curies":[{"name":"wp","href":"https:\/\/api.w.org\/{rel}","templated":true}]}}